{"id":7616,"date":"2018-06-08T13:30:02","date_gmt":"2018-06-08T13:30:02","guid":{"rendered":"https:\/\/busters.be\/je-vais\/jardiner\/zwembad-vijver-onderhouden\/"},"modified":"2018-07-03T13:23:37","modified_gmt":"2018-07-03T13:23:37","slug":"entretenir-une-piscine-ou-un-etang","status":"publish","type":"page","link":"https:\/\/busters.be\/fr\/je-vais\/jardiner\/entretenir-une-piscine-ou-un-etang\/","title":{"rendered":"Entretenir une piscine ou un \u00e9tang"},"content":{"rendered":"[vc_row type=&#8221;full_width_content&#8221; full_screen_row_position=&#8221;middle&#8221; equal_height=&#8221;yes&#8221; content_placement=&#8221;middle&#8221; bg_image=&#8221;6945&#8243; bg_position=&#8221;center center&#8221; bg_repeat=&#8221;no-repeat&#8221; bg_color=&#8221;#1a1d21&#8243; scene_position=&#8221;center&#8221; text_color=&#8221;custom&#8221; custom_text_color=&#8221;#676767&#8243; text_align=&#8221;left&#8221; overlay_strength=&#8221;0.3&#8243; shape_divider_position=&#8221;bottom&#8221; shape_type=&#8221;&#8221;][vc_column centered_text=&#8221;true&#8221; column_padding=&#8221;padding-10-percent&#8221; column_padding_position=&#8221;all&#8221; background_color_opacity=&#8221;1&#8243; background_hover_color_opacity=&#8221;1&#8243; font_color=&#8221;#ffffff&#8221; column_shadow=&#8221;none&#8221; column_border_radius=&#8221;none&#8221; width=&#8221;3\/12&#8243; tablet_text_alignment=&#8221;default&#8221; phone_text_alignment=&#8221;default&#8221; column_border_width=&#8221;none&#8221; column_border_style=&#8221;solid&#8221; offset=&#8221;vc_hidden-sm vc_hidden-xs&#8221;][\/vc_column][vc_column column_padding=&#8221;padding-6-percent&#8221; column_padding_position=&#8221;all&#8221; background_color=&#8221;#f9f9f9&#8243; background_color_opacity=&#8221;1&#8243; background_color_hover=&#8221;#f9f9f9&#8243; background_hover_color_opacity=&#8221;1&#8243; font_color=&#8221;#676767&#8243; column_shadow=&#8221;none&#8221; column_border_radius=&#8221;none&#8221; width=&#8221;9\/12&#8243; tablet_text_alignment=&#8221;default&#8221; phone_text_alignment=&#8221;default&#8221; column_border_width=&#8221;none&#8221; column_border_style=&#8221;solid&#8221;][vc_column_text]\n<h1>J\u2019aimerais entretenir ma piscine ou mon \u00e9tang en tout confort<\/h1>\n<p>Si tu comptes travailler dans ta piscine ou ton \u00e9tang, il est pr\u00e9f\u00e9rable que tu portes des gants Aqua sp\u00e9cialement con\u00e7us pour ce genre de t\u00e2ches. Tu pourras travailler tr\u00e8s confortablement les mains dans l\u2019eau. Si tu travailles avec un filet, porter des gants avec une bonne adh\u00e9rence peut \u00eatre tr\u00e8s pratique. Si tu te d\u00e9places dans une piscine vide, porte toujours des chaussures de s\u00e9curit\u00e9 avec des semelles anti-d\u00e9rapantes. Les semelles anti-d\u00e9rapantes sont \u00e9galement tr\u00e8s utiles si tu te d\u00e9places le long de l\u2019eau, sur les rebords ou la terrasse.<\/p>\n<p>Tu comptes utiliser des produits corrosifs dans le cadre de l\u2019entretien ? Pense alors \u00e0 porter des v\u00eatements de protection contre les substances chimiques, un masque avec un filtre FFP3 et des gants qui prot\u00e8gent contre les substances chimiques. Porter des lunettes de s\u00e9curit\u00e9 ferm\u00e9es sur les c\u00f4t\u00e9s te permettra de prot\u00e9ger au maximum tes yeux. Lis et suis toujours attentivement les instructions qui se trouvent sur l\u2019emballage.[\/vc_column_text][divider line_type=&#8221;No Line&#8221; custom_height=&#8221;20&#8243;][vc_column_text]\n<h3>D\u00e9couvre ci-dessous quels gants sont les mieux adapt\u00e9s pour entretenir une piscine ou un \u00e9tang.<\/h3>\n[\/vc_column_text][vc_row_inner column_margin=&#8221;default&#8221; text_align=&#8221;left&#8221; el_id=&#8221;handschoenen&#8221; css=&#8221;.vc_custom_1528995048572{margin-top: 50px !important;}&#8221;][vc_column_inner column_padding=&#8221;no-extra-padding&#8221; column_padding_position=&#8221;all&#8221; background_color_opacity=&#8221;1&#8243; background_hover_color_opacity=&#8221;1&#8243; column_shadow=&#8221;none&#8221; column_border_radius=&#8221;none&#8221; width=&#8221;1\/4&#8243; column_border_width=&#8221;none&#8221; column_border_style=&#8221;solid&#8221;][image_with_animation image_url=&#8221;7435&#8243; alignment=&#8221;&#8221; animation=&#8221;Fade In&#8221; border_radius=&#8221;5px&#8221; box_shadow=&#8221;none&#8221; max_width=&#8221;100%&#8221;][\/vc_column_inner][vc_column_inner column_padding=&#8221;padding-5-percent&#8221; column_padding_position=&#8221;left&#8221; background_color_opacity=&#8221;1&#8243; background_hover_color_opacity=&#8221;1&#8243; font_color=&#8221;#676767&#8243; column_shadow=&#8221;none&#8221; column_border_radius=&#8221;none&#8221; width=&#8221;3\/4&#8243; column_border_width=&#8221;none&#8221; column_border_style=&#8221;solid&#8221;][vc_column_text]\n<h4>Aqua<\/h4>\n<p>Ces gants en PVC, d&#8217;une longueur totale de 70cm, sont parfaitement imperm\u00e9ables et offrent une protection jusqu\u2019au-dessus du bras. Ils conviennent parfaitement pour travailler dans une piscine ou un \u00e9tang.[\/vc_column_text][nectar_btn size=&#8221;large&#8221; button_style=&#8221;regular&#8221; button_color_2=&#8221;Accent-Color&#8221; icon_family=&#8221;none&#8221; url=&#8221;\/fr\/gants-de-protection-et-gants-de-jardinage\/#page26&#8243; text=&#8221;Voir Aqua&#8221; margin_top=&#8221;20px&#8221;][\/vc_column_inner][\/vc_row_inner][vc_row_inner column_margin=&#8221;default&#8221; text_align=&#8221;left&#8221; css=&#8221;.vc_custom_1523884730719{margin-top: 50px !important;}&#8221;][vc_column_inner column_padding=&#8221;no-extra-padding&#8221; column_padding_position=&#8221;all&#8221; background_color_opacity=&#8221;1&#8243; background_hover_color_opacity=&#8221;1&#8243; column_shadow=&#8221;none&#8221; column_border_radius=&#8221;none&#8221; width=&#8221;1\/4&#8243; column_border_width=&#8221;none&#8221; column_border_style=&#8221;solid&#8221;][image_with_animation image_url=&#8221;7482&#8243; alignment=&#8221;&#8221; animation=&#8221;Fade In&#8221; border_radius=&#8221;5px&#8221; box_shadow=&#8221;none&#8221; max_width=&#8221;100%&#8221;][\/vc_column_inner][vc_column_inner column_padding=&#8221;padding-5-percent&#8221; column_padding_position=&#8221;left&#8221; background_color_opacity=&#8221;1&#8243; background_hover_color_opacity=&#8221;1&#8243; font_color=&#8221;#676767&#8243; column_shadow=&#8221;none&#8221; column_border_radius=&#8221;none&#8221; width=&#8221;3\/4&#8243; column_border_width=&#8221;none&#8221; column_border_style=&#8221;solid&#8221;][vc_column_text]\n<h4>Chemical<\/h4>\n<p>Ces gants en n\u00e9opr\u00e8ne-latex extra lourd avec doublure 100% coton offrent une protection moyenne contre un large \u00e9ventail d\u2019acides, substances corrosives, alcools et un grand nombre de solvants.[\/vc_column_text][nectar_btn size=&#8221;large&#8221; button_style=&#8221;regular&#8221; button_color_2=&#8221;Accent-Color&#8221; icon_family=&#8221;none&#8221; url=&#8221;\/fr\/gants-de-protection-et-gants-de-jardinage\/#page28&#8243; text=&#8221;Voir Chemical&#8221; margin_top=&#8221;20px&#8221;][\/vc_column_inner][\/vc_row_inner][vc_row_inner column_margin=&#8221;default&#8221; text_align=&#8221;left&#8221; css=&#8221;.vc_custom_1523884730719{margin-top: 50px !important;}&#8221;][vc_column_inner column_padding=&#8221;no-extra-padding&#8221; column_padding_position=&#8221;all&#8221; background_color_opacity=&#8221;1&#8243; background_hover_color_opacity=&#8221;1&#8243; column_shadow=&#8221;none&#8221; column_border_radius=&#8221;none&#8221; width=&#8221;1\/4&#8243; column_border_width=&#8221;none&#8221; column_border_style=&#8221;solid&#8221;][image_with_animation image_url=&#8221;7460&#8243; alignment=&#8221;&#8221; animation=&#8221;Fade In&#8221; border_radius=&#8221;5px&#8221; box_shadow=&#8221;none&#8221; max_width=&#8221;100%&#8221;][\/vc_column_inner][vc_column_inner column_padding=&#8221;padding-5-percent&#8221; column_padding_position=&#8221;left&#8221; background_color_opacity=&#8221;1&#8243; background_hover_color_opacity=&#8221;1&#8243; font_color=&#8221;#676767&#8243; column_shadow=&#8221;none&#8221; column_border_radius=&#8221;none&#8221; width=&#8221;3\/4&#8243; column_border_width=&#8221;none&#8221; column_border_style=&#8221;solid&#8221;][vc_column_text]\n<h4>Garden Grip<\/h4>\n<p>Ces gants en nylon avec rev\u00eatement imperm\u00e9able PVC-HPT sur la paume sont tr\u00e8s confortables gr\u00e2ce \u00e0 leur dos respirant. Les gants ont une bonne adh\u00e9rence sur les objets secs ou mouill\u00e9s et une excellente sensibilit\u00e9 au niveau des doigts.[\/vc_column_text][nectar_btn size=&#8221;large&#8221; button_style=&#8221;regular&#8221; button_color_2=&#8221;Accent-Color&#8221; icon_family=&#8221;none&#8221; url=&#8221;\/fr\/gants-de-protection-et-gants-de-jardinage\/#page12&#8243; text=&#8221;Voir Garden Grip&#8221; margin_top=&#8221;20px&#8221;][\/vc_column_inner][\/vc_row_inner][divider line_type=&#8221;No Line&#8221; custom_height=&#8221;50&#8243;][\/vc_column][\/vc_row][vc_row type=&#8221;full_width_content&#8221; full_screen_row_position=&#8221;middle&#8221; equal_height=&#8221;yes&#8221; content_placement=&#8221;middle&#8221; scene_position=&#8221;center&#8221; text_color=&#8221;dark&#8221; text_align=&#8221;left&#8221; overlay_strength=&#8221;0.3&#8243; shape_divider_position=&#8221;bottom&#8221;][vc_column centered_text=&#8221;true&#8221; column_padding=&#8221;padding-5-percent&#8221; column_padding_position=&#8221;all&#8221; background_color=&#8221;#e0e0e0&#8243; background_color_opacity=&#8221;1&#8243; background_hover_color_opacity=&#8221;1&#8243; column_shadow=&#8221;none&#8221; column_border_radius=&#8221;none&#8221; width=&#8221;1\/3&#8243; tablet_text_alignment=&#8221;default&#8221; phone_text_alignment=&#8221;default&#8221; column_border_width=&#8221;none&#8221; column_border_style=&#8221;solid&#8221; column_link=&#8221;\/fr\/acheter-en-ligne\/&#8221;][nectar_icon icon_family=&#8221;iconsmind&#8221; icon_style=&#8221;default&#8221; icon_color=&#8221;extra-color-gradient-1&#8243; icon_padding=&#8221;25px&#8221; icon_iconsmind=&#8221;iconsmind-Shopping-Cart&#8221; margin_bottom=&#8221;15&#8243; icon_size=&#8221;40&#8243; url=&#8221;\/koop-online\/&#8221;][divider line_type=&#8221;No Line&#8221; custom_height=&#8221;2&#8243;][vc_column_text max_width=&#8221;315&#8243;]\n<h4>Ach\u00e8te tes produits Busters en ligne<\/h4>\n[\/vc_column_text][divider line_type=&#8221;No Line&#8221; custom_height=&#8221;20&#8243;][nectar_cta btn_style=&#8221;see-through&#8221; heading_tag=&#8221;h6&#8243; text_color=&#8221;#000000&#8243; link_type=&#8221;regular&#8221; alignment=&#8221;center&#8221; link_text=&#8221;Acheter maintenant&#8221; url=&#8221;\/fr\/acheter-en-ligne\/&#8221;][\/vc_column][vc_column centered_text=&#8221;true&#8221; column_padding=&#8221;padding-5-percent&#8221; column_padding_position=&#8221;all&#8221; background_color=&#8221;#d8d8d8&#8243; background_color_opacity=&#8221;1&#8243; background_hover_color_opacity=&#8221;1&#8243; column_shadow=&#8221;none&#8221; column_border_radius=&#8221;none&#8221; width=&#8221;1\/3&#8243; tablet_text_alignment=&#8221;default&#8221; phone_text_alignment=&#8221;default&#8221; column_border_width=&#8221;none&#8221; column_border_style=&#8221;solid&#8221; column_link=&#8221;\/fr\/points-de-vente\/&#8221;][nectar_icon icon_family=&#8221;iconsmind&#8221; icon_style=&#8221;default&#8221; icon_color=&#8221;extra-color-gradient-1&#8243; icon_padding=&#8221;25px&#8221; icon_iconsmind=&#8221;iconsmind-Map-Marker2&#8243; margin_bottom=&#8221;15&#8243; icon_size=&#8221;40&#8243; url=&#8221;\/winkelpunten\/&#8221;][divider line_type=&#8221;No Line&#8221; custom_height=&#8221;2&#8243;][vc_column_text max_width=&#8221;315&#8243;]\n<h4>Trouve un magasin pr\u00e8s de chez toi<\/h4>\n[\/vc_column_text][divider line_type=&#8221;No Line&#8221; custom_height=&#8221;20&#8243;][nectar_cta btn_style=&#8221;see-through&#8221; heading_tag=&#8221;h6&#8243; text_color=&#8221;#000000&#8243; link_type=&#8221;regular&#8221; alignment=&#8221;center&#8221; link_text=&#8221;Tous les magasins&#8221; url=&#8221;\/fr\/points-de-vente\/&#8221;][\/vc_column][vc_column column_padding=&#8221;no-extra-padding&#8221; column_padding_position=&#8221;all&#8221; background_color_opacity=&#8221;1&#8243; background_hover_color_opacity=&#8221;1&#8243; column_shadow=&#8221;none&#8221; column_border_radius=&#8221;none&#8221; width=&#8221;1\/3&#8243; tablet_text_alignment=&#8221;default&#8221; phone_text_alignment=&#8221;default&#8221; column_border_width=&#8221;none&#8221; column_border_style=&#8221;solid&#8221;][fancy_box box_style=&#8221;default&#8221; icon_family=&#8221;fontawesome&#8221; image_url=&#8221;6769&#8243; color=&#8221;Extra-Color-1&#8243; min_height=&#8221;230&#8243; link_url=&#8221;\/fr\/pose-tes-questions\/&#8221; link_text=&#8221;Pose tes questions&#8221; icon_fontawesome=&#8221;fa fa-envelope-o&#8221;]\n<h3>Savoir plus?<\/h3>\n<p>Pose tes questions \u00e0 nos experts en s\u00e9curit\u00e9[\/fancy_box][\/vc_column][\/vc_row][vc_row type=&#8221;full_width_content&#8221; full_screen_row_position=&#8221;middle&#8221; equal_height=&#8221;yes&#8221; bg_color=&#8221;#e8e8e8&#8243; scene_position=&#8221;center&#8221; text_color=&#8221;dark&#8221; text_align=&#8221;left&#8221; top_padding=&#8221;35&#8243; bottom_padding=&#8221;35&#8243; overlay_strength=&#8221;0.3&#8243; shape_divider_position=&#8221;bottom&#8221; shape_type=&#8221;&#8221;][vc_column centered_text=&#8221;true&#8221; column_padding=&#8221;padding-5-percent&#8221; column_padding_position=&#8221;left-right&#8221; background_color_opacity=&#8221;1&#8243; background_hover_color_opacity=&#8221;1&#8243; column_shadow=&#8221;none&#8221; column_border_radius=&#8221;none&#8221; top_margin=&#8221;40&#8243; width=&#8221;1\/3&#8243; tablet_text_alignment=&#8221;default&#8221; phone_text_alignment=&#8221;default&#8221; column_border_width=&#8221;none&#8221; column_border_style=&#8221;solid&#8221;][vc_column_text]\n<h3 style=\"text-align: left;\">Notre assortiment complet<\/h3>\n[\/vc_column_text][\/vc_column][vc_column centered_text=&#8221;true&#8221; column_padding=&#8221;padding-2-percent&#8221; column_padding_position=&#8221;left-right&#8221; background_color=&#8221;#e8e8e8&#8243; background_color_opacity=&#8221;1&#8243; background_hover_color_opacity=&#8221;1&#8243; column_shadow=&#8221;none&#8221; column_border_radius=&#8221;none&#8221; top_margin=&#8221;30&#8243; el_class=&#8221;right-clm radius&#8221; width=&#8221;1\/3&#8243; tablet_text_alignment=&#8221;default&#8221; phone_text_alignment=&#8221;default&#8221; column_border_width=&#8221;none&#8221; column_border_style=&#8221;solid&#8221;][fancy_box box_style=&#8221;color_box_basic&#8221; icon_family=&#8221;none&#8221; image_url=&#8221;6308&#8243; box_color=&#8221;#444444&#8243; content_color=&#8221;#ffffff&#8221; box_color_opacity=&#8221;0.3&#8243; box_alignment=&#8221;center&#8221; min_height=&#8221;55&#8243; link_url=&#8221;\/fr\/gants-de-protection-et-gants-de-jardinage\/&#8221; css=&#8221;.vc_custom_1529003122506{padding-top: 20% !important;padding-right: 10% !important;padding-bottom: 10% !important;padding-left: 10% !important;}&#8221;]\n<h3 style=\"text-align: center;\">Gants de protection et gants de jardinage<\/h3>\n[\/fancy_box][divider line_type=&#8221;No Line&#8221; custom_height=&#8221;10&#8243;][fancy_box box_style=&#8221;color_box_basic&#8221; icon_family=&#8221;none&#8221; image_url=&#8221;6201&#8243; box_color=&#8221;#444444&#8243; content_color=&#8221;#ffffff&#8221; box_color_opacity=&#8221;0.3&#8243; box_alignment=&#8221;center&#8221; min_height=&#8221;55&#8243; css=&#8221;.vc_custom_1529003195065{padding-top: 20% !important;padding-right: 10% !important;padding-bottom: 10% !important;padding-left: 10% !important;}&#8221; link_url=&#8221;\/fr\/chaussures-de-securite-et-accessoires\/&#8221;]\n<h3 style=\"text-align: center;\">Chaussures de s\u00e9curit\u00e9 et accessoires<\/h3>\n[\/fancy_box][\/vc_column][vc_column centered_text=&#8221;true&#8221; column_padding=&#8221;padding-2-percent&#8221; column_padding_position=&#8221;left-right&#8221; background_color_opacity=&#8221;1&#8243; background_hover_color_opacity=&#8221;1&#8243; column_shadow=&#8221;none&#8221; column_border_radius=&#8221;none&#8221; top_margin=&#8221;30&#8243; bottom_margin=&#8221;40&#8243; el_class=&#8221;left-clm radius&#8221; width=&#8221;1\/3&#8243; tablet_text_alignment=&#8221;default&#8221; phone_text_alignment=&#8221;default&#8221; column_border_width=&#8221;none&#8221; column_border_style=&#8221;solid&#8221;][fancy_box box_style=&#8221;color_box_basic&#8221; icon_family=&#8221;none&#8221; image_url=&#8221;6355&#8243; box_color=&#8221;#444444&#8243; content_color=&#8221;#ffffff&#8221; box_color_opacity=&#8221;0.3&#8243; box_alignment=&#8221;center&#8221; min_height=&#8221;55&#8243; link_url=&#8221;\/fr\/equipements-de-protection-du-visage\/&#8221; css=&#8221;.vc_custom_1529003135290{padding-top: 20% !important;padding-right: 10% !important;padding-bottom: 10% !important;padding-left: 10% !important;}&#8221;]\n<h3 style=\"text-align: center;\">\u00c9quipements de protection du visage<\/h3>\n[\/fancy_box][divider line_type=&#8221;No Line&#8221; custom_height=&#8221;10&#8243;][fancy_box box_style=&#8221;color_box_basic&#8221; icon_family=&#8221;none&#8221; image_url=&#8221;6354&#8243; box_color=&#8221;#444444&#8243; content_color=&#8221;#ffffff&#8221; box_color_opacity=&#8221;0.3&#8243; box_alignment=&#8221;center&#8221; min_height=&#8221;55&#8243; css=&#8221;.vc_custom_1529003107537{padding-top: 20% !important;padding-right: 10% !important;padding-bottom: 10% !important;padding-left: 10% !important;}&#8221; link_url=&#8221;\/fr\/vetements-de-travail-et-vetements-haute-visibilite\/&#8221;]\n<h3 style=\"text-align: center;\">V\u00eatements de travail et v\u00eatements haute visibilit\u00e9<\/h3>\n[\/fancy_box][\/vc_column][\/vc_row]\n","protected":false},"excerpt":{"rendered":"<p>[vc_row type=&#8221;full_width_content&#8221; full_screen_row_position=&#8221;middle&#8221; equal_height=&#8221;yes&#8221; content_placement=&#8221;middle&#8221; bg_image=&#8221;6945&#8243; bg_position=&#8221;center center&#8221; bg_repeat=&#8221;no-repeat&#8221; bg_color=&#8221;#1a1d21&#8243; scene_position=&#8221;center&#8221; text_color=&#8221;custom&#8221; custom_text_color=&#8221;#676767&#8243; text_align=&#8221;left&#8221; overlay_strength=&#8221;0.3&#8243; shape_divider_position=&#8221;bottom&#8221; shape_type=&#8221;&#8221;][vc_column centered_text=&#8221;true&#8221; column_padding=&#8221;padding-10-percent&#8221; column_padding_position=&#8221;all&#8221; background_color_opacity=&#8221;1&#8243; background_hover_color_opacity=&#8221;1&#8243; font_color=&#8221;#ffffff&#8221; column_shadow=&#8221;none&#8221; column_border_radius=&#8221;none&#8221; width=&#8221;3\/12&#8243; tablet_text_alignment=&#8221;default&#8221; phone_text_alignment=&#8221;default&#8221; column_border_width=&#8221;none&#8221; column_border_style=&#8221;solid&#8221;&#8230;<\/p>\n","protected":false},"author":1,"featured_media":0,"parent":7556,"menu_order":0,"comment_status":"closed","ping_status":"closed","template":"","meta":{"footnotes":""},"class_list":["post-7616","page","type-page","status-publish"],"yoast_head":"<!-- This site is optimized with the Yoast SEO plugin v25.7 - https:\/\/yoast.com\/wordpress\/plugins\/seo\/ -->\n<title>J\u2019aimerais entretenir ma piscine ou mon \u00e9tang en tout confort<\/title>\n<meta name=\"description\" content=\"Tu vas travailler dans ta piscine ou \u00e9tang ? Porte les gants Aqua sp\u00e9cialement con\u00e7us \u00e0 cet effet. N&#039;oublie pas les chaussures avec une semelle anti-d\u00e9rapante.\" \/>\n<meta name=\"robots\" content=\"index, follow, max-snippet:-1, max-image-preview:large, max-video-preview:-1\" \/>\n<link rel=\"canonical\" href=\"https:\/\/busters.be\/fr\/je-vais\/jardiner\/entretenir-une-piscine-ou-un-etang\/\" \/>\n<meta property=\"og:locale\" content=\"fr_FR\" \/>\n<meta property=\"og:type\" content=\"article\" \/>\n<meta property=\"og:title\" content=\"J\u2019aimerais entretenir ma piscine ou mon \u00e9tang en tout confort\" \/>\n<meta property=\"og:description\" content=\"Tu vas travailler dans ta piscine ou \u00e9tang ? Porte les gants Aqua sp\u00e9cialement con\u00e7us \u00e0 cet effet. N&#039;oublie pas les chaussures avec une semelle anti-d\u00e9rapante.\" \/>\n<meta property=\"og:url\" content=\"https:\/\/busters.be\/fr\/je-vais\/jardiner\/entretenir-une-piscine-ou-un-etang\/\" \/>\n<meta property=\"og:site_name\" content=\"Busters\" \/>\n<meta property=\"article:modified_time\" content=\"2018-07-03T13:23:37+00:00\" \/>\n<meta name=\"twitter:card\" content=\"summary_large_image\" \/>\n<meta name=\"twitter:label1\" content=\"Dur\u00e9e de lecture estim\u00e9e\" \/>\n\t<meta name=\"twitter:data1\" content=\"9 minutes\" \/>\n<script type=\"application\/ld+json\" class=\"yoast-schema-graph\">{\"@context\":\"https:\/\/schema.org\",\"@graph\":[{\"@type\":\"WebPage\",\"@id\":\"https:\/\/busters.be\/fr\/je-vais\/jardiner\/entretenir-une-piscine-ou-un-etang\/\",\"url\":\"https:\/\/busters.be\/fr\/je-vais\/jardiner\/entretenir-une-piscine-ou-un-etang\/\",\"name\":\"J\u2019aimerais entretenir ma piscine ou mon \u00e9tang en tout confort\",\"isPartOf\":{\"@id\":\"https:\/\/busters.be\/#website\"},\"datePublished\":\"2018-06-08T13:30:02+00:00\",\"dateModified\":\"2018-07-03T13:23:37+00:00\",\"description\":\"Tu vas travailler dans ta piscine ou \u00e9tang ? Porte les gants Aqua sp\u00e9cialement con\u00e7us \u00e0 cet effet. N'oublie pas les chaussures avec une semelle anti-d\u00e9rapante.\",\"breadcrumb\":{\"@id\":\"https:\/\/busters.be\/fr\/je-vais\/jardiner\/entretenir-une-piscine-ou-un-etang\/#breadcrumb\"},\"inLanguage\":\"fr-FR\",\"potentialAction\":[{\"@type\":\"ReadAction\",\"target\":[\"https:\/\/busters.be\/fr\/je-vais\/jardiner\/entretenir-une-piscine-ou-un-etang\/\"]}]},{\"@type\":\"BreadcrumbList\",\"@id\":\"https:\/\/busters.be\/fr\/je-vais\/jardiner\/entretenir-une-piscine-ou-un-etang\/#breadcrumb\",\"itemListElement\":[{\"@type\":\"ListItem\",\"position\":1,\"name\":\"Home\",\"item\":\"https:\/\/busters.be\/fr\/\"},{\"@type\":\"ListItem\",\"position\":2,\"name\":\"Je vais&#8230;\",\"item\":\"https:\/\/busters.be\/fr\/je-vais\/\"},{\"@type\":\"ListItem\",\"position\":3,\"name\":\"Jardiner\",\"item\":\"https:\/\/busters.be\/fr\/je-vais\/jardiner\/\"},{\"@type\":\"ListItem\",\"position\":4,\"name\":\"Entretenir une piscine ou un \u00e9tang\"}]},{\"@type\":\"WebSite\",\"@id\":\"https:\/\/busters.be\/#website\",\"url\":\"https:\/\/busters.be\/\",\"name\":\"Busters\",\"description\":\"\",\"potentialAction\":[{\"@type\":\"SearchAction\",\"target\":{\"@type\":\"EntryPoint\",\"urlTemplate\":\"https:\/\/busters.be\/?s={search_term_string}\"},\"query-input\":{\"@type\":\"PropertyValueSpecification\",\"valueRequired\":true,\"valueName\":\"search_term_string\"}}],\"inLanguage\":\"fr-FR\"}]}<\/script>\n<!-- \/ Yoast SEO plugin. -->","yoast_head_json":{"title":"J\u2019aimerais entretenir ma piscine ou mon \u00e9tang en tout confort","description":"Tu vas travailler dans ta piscine ou \u00e9tang ? Porte les gants Aqua sp\u00e9cialement con\u00e7us \u00e0 cet effet. N'oublie pas les chaussures avec une semelle anti-d\u00e9rapante.","robots":{"index":"index","follow":"follow","max-snippet":"max-snippet:-1","max-image-preview":"max-image-preview:large","max-video-preview":"max-video-preview:-1"},"canonical":"https:\/\/busters.be\/fr\/je-vais\/jardiner\/entretenir-une-piscine-ou-un-etang\/","og_locale":"fr_FR","og_type":"article","og_title":"J\u2019aimerais entretenir ma piscine ou mon \u00e9tang en tout confort","og_description":"Tu vas travailler dans ta piscine ou \u00e9tang ? Porte les gants Aqua sp\u00e9cialement con\u00e7us \u00e0 cet effet. N'oublie pas les chaussures avec une semelle anti-d\u00e9rapante.","og_url":"https:\/\/busters.be\/fr\/je-vais\/jardiner\/entretenir-une-piscine-ou-un-etang\/","og_site_name":"Busters","article_modified_time":"2018-07-03T13:23:37+00:00","twitter_card":"summary_large_image","twitter_misc":{"Dur\u00e9e de lecture estim\u00e9e":"9 minutes"},"schema":{"@context":"https:\/\/schema.org","@graph":[{"@type":"WebPage","@id":"https:\/\/busters.be\/fr\/je-vais\/jardiner\/entretenir-une-piscine-ou-un-etang\/","url":"https:\/\/busters.be\/fr\/je-vais\/jardiner\/entretenir-une-piscine-ou-un-etang\/","name":"J\u2019aimerais entretenir ma piscine ou mon \u00e9tang en tout confort","isPartOf":{"@id":"https:\/\/busters.be\/#website"},"datePublished":"2018-06-08T13:30:02+00:00","dateModified":"2018-07-03T13:23:37+00:00","description":"Tu vas travailler dans ta piscine ou \u00e9tang ? Porte les gants Aqua sp\u00e9cialement con\u00e7us \u00e0 cet effet. N'oublie pas les chaussures avec une semelle anti-d\u00e9rapante.","breadcrumb":{"@id":"https:\/\/busters.be\/fr\/je-vais\/jardiner\/entretenir-une-piscine-ou-un-etang\/#breadcrumb"},"inLanguage":"fr-FR","potentialAction":[{"@type":"ReadAction","target":["https:\/\/busters.be\/fr\/je-vais\/jardiner\/entretenir-une-piscine-ou-un-etang\/"]}]},{"@type":"BreadcrumbList","@id":"https:\/\/busters.be\/fr\/je-vais\/jardiner\/entretenir-une-piscine-ou-un-etang\/#breadcrumb","itemListElement":[{"@type":"ListItem","position":1,"name":"Home","item":"https:\/\/busters.be\/fr\/"},{"@type":"ListItem","position":2,"name":"Je vais&#8230;","item":"https:\/\/busters.be\/fr\/je-vais\/"},{"@type":"ListItem","position":3,"name":"Jardiner","item":"https:\/\/busters.be\/fr\/je-vais\/jardiner\/"},{"@type":"ListItem","position":4,"name":"Entretenir une piscine ou un \u00e9tang"}]},{"@type":"WebSite","@id":"https:\/\/busters.be\/#website","url":"https:\/\/busters.be\/","name":"Busters","description":"","potentialAction":[{"@type":"SearchAction","target":{"@type":"EntryPoint","urlTemplate":"https:\/\/busters.be\/?s={search_term_string}"},"query-input":{"@type":"PropertyValueSpecification","valueRequired":true,"valueName":"search_term_string"}}],"inLanguage":"fr-FR"}]}},"_links":{"self":[{"href":"https:\/\/busters.be\/fr\/wp-json\/wp\/v2\/pages\/7616","targetHints":{"allow":["GET"]}}],"collection":[{"href":"https:\/\/busters.be\/fr\/wp-json\/wp\/v2\/pages"}],"about":[{"href":"https:\/\/busters.be\/fr\/wp-json\/wp\/v2\/types\/page"}],"author":[{"embeddable":true,"href":"https:\/\/busters.be\/fr\/wp-json\/wp\/v2\/users\/1"}],"replies":[{"embeddable":true,"href":"https:\/\/busters.be\/fr\/wp-json\/wp\/v2\/comments?post=7616"}],"version-history":[{"count":3,"href":"https:\/\/busters.be\/fr\/wp-json\/wp\/v2\/pages\/7616\/revisions"}],"predecessor-version":[{"id":8443,"href":"https:\/\/busters.be\/fr\/wp-json\/wp\/v2\/pages\/7616\/revisions\/8443"}],"up":[{"embeddable":true,"href":"https:\/\/busters.be\/fr\/wp-json\/wp\/v2\/pages\/7556"}],"wp:attachment":[{"href":"https:\/\/busters.be\/fr\/wp-json\/wp\/v2\/media?parent=7616"}],"curies":[{"name":"wp","href":"https:\/\/api.w.org\/{rel}","templated":true}]}}