{"id":7583,"date":"2018-06-12T13:25:05","date_gmt":"2018-06-12T13:25:05","guid":{"rendered":"https:\/\/busters.be\/over-busters\/"},"modified":"2018-07-16T14:32:35","modified_gmt":"2018-07-16T14:32:35","slug":"a-propos-de-busters","status":"publish","type":"page","link":"https:\/\/busters.be\/fr\/a-propos-de-busters\/","title":{"rendered":"\u00c0 propos de Busters"},"content":{"rendered":"[vc_row type=&#8221;full_width_content&#8221; full_screen_row_position=&#8221;middle&#8221; equal_height=&#8221;yes&#8221; content_placement=&#8221;middle&#8221; bg_image=&#8221;7256&#8243; bg_position=&#8221;right center&#8221; bg_repeat=&#8221;no-repeat&#8221; bg_color=&#8221;#1a1d21&#8243; scene_position=&#8221;center&#8221; text_color=&#8221;custom&#8221; custom_text_color=&#8221;#676767&#8243; text_align=&#8221;left&#8221; overlay_strength=&#8221;0.3&#8243; shape_divider_position=&#8221;bottom&#8221; shape_type=&#8221;&#8221;][vc_column centered_text=&#8221;true&#8221; column_padding=&#8221;padding-10-percent&#8221; column_padding_position=&#8221;all&#8221; background_color_opacity=&#8221;1&#8243; background_hover_color_opacity=&#8221;1&#8243; font_color=&#8221;#ffffff&#8221; column_shadow=&#8221;none&#8221; column_border_radius=&#8221;none&#8221; width=&#8221;3\/12&#8243; tablet_text_alignment=&#8221;default&#8221; phone_text_alignment=&#8221;default&#8221; column_border_width=&#8221;none&#8221; column_border_style=&#8221;solid&#8221; offset=&#8221;vc_hidden-sm vc_hidden-xs&#8221;][\/vc_column][vc_column column_padding=&#8221;padding-6-percent&#8221; column_padding_position=&#8221;all&#8221; background_color=&#8221;#f9f9f9&#8243; background_color_opacity=&#8221;1&#8243; background_color_hover=&#8221;#f9f9f9&#8243; background_hover_color_opacity=&#8221;1&#8243; font_color=&#8221;#676767&#8243; column_shadow=&#8221;none&#8221; column_border_radius=&#8221;none&#8221; width=&#8221;9\/12&#8243; tablet_text_alignment=&#8221;default&#8221; phone_text_alignment=&#8221;default&#8221; column_border_width=&#8221;none&#8221; column_border_style=&#8221;solid&#8221;][vc_column_text]\n<h1><span class=\"s1\">Busters, toujours bien prot\u00e9g\u00e9.<\/span><\/h1>\n<p>O\u00f9 que nous soyons, lorsque nous bricolons ou faisons des travaux pendant notre temps libre, nous sommes r\u00e9guli\u00e8rement confront\u00e9s \u00e0 plusieurs risques. Souvent, nous n\u2019en prenons pas conscience\u2026 jusqu\u2019\u00e0 ce qu\u2019il soit trop tard. Voil\u00e0 pourquoi l\u2019utilisation de la protection ad\u00e9quate est cruciale\u00a0: il serait dommage de ne pas pouvoir profiter de votre \u0153uvre apr\u00e8s l\u2019avoir r\u00e9alis\u00e9e. Notre assortiment est con\u00e7u pour offrir une protection optimale de la t\u00eate aux pieds, en nous appuyant sur :<\/p>\n<h2>La\u00a0qualit\u00e9<\/h2>\n<p>Tous nos produits r\u00e9pondent aux normes de qualit\u00e9 les plus \u00e9lev\u00e9es et sont certifi\u00e9s conformes aux derni\u00e8res normes CE strictes.<\/p>\n<h2>Le comfort<\/h2>\n<p>Tous nos produits sont faciles \u00e0 porter et manipuler dans toutes les conditions de travail.<\/p>\n<h2>Le meilleur prix<\/h2>\n<p>Un rapport qualit\u00e9\/prix imbattable.[\/vc_column_text][divider line_type=&#8221;No Line&#8221; custom_height=&#8221;25&#8243;][nectar_btn size=&#8221;large&#8221; button_style=&#8221;regular&#8221; button_color_2=&#8221;Accent-Color&#8221; icon_family=&#8221;none&#8221; url=&#8221;\/fr\/catalogue&#8221; text=&#8221;D\u00e9couvrez notre gamme&#8221; margin_top=&#8221;20px&#8221;][\/vc_column][\/vc_row]\n","protected":false},"excerpt":{"rendered":"<p>[vc_row type=&#8221;full_width_content&#8221; full_screen_row_position=&#8221;middle&#8221; equal_height=&#8221;yes&#8221; content_placement=&#8221;middle&#8221; bg_image=&#8221;7256&#8243; bg_position=&#8221;right center&#8221; bg_repeat=&#8221;no-repeat&#8221; bg_color=&#8221;#1a1d21&#8243; scene_position=&#8221;center&#8221; text_color=&#8221;custom&#8221; custom_text_color=&#8221;#676767&#8243; text_align=&#8221;left&#8221; overlay_strength=&#8221;0.3&#8243; shape_divider_position=&#8221;bottom&#8221; shape_type=&#8221;&#8221;][vc_column centered_text=&#8221;true&#8221; column_padding=&#8221;padding-10-percent&#8221; column_padding_position=&#8221;all&#8221; background_color_opacity=&#8221;1&#8243; background_hover_color_opacity=&#8221;1&#8243; font_color=&#8221;#ffffff&#8221; column_shadow=&#8221;none&#8221; column_border_radius=&#8221;none&#8221; width=&#8221;3\/12&#8243; tablet_text_alignment=&#8221;default&#8221; phone_text_alignment=&#8221;default&#8221; column_border_width=&#8221;none&#8221; column_border_style=&#8221;solid&#8221;&#8230;<\/p>\n","protected":false},"author":1,"featured_media":0,"parent":0,"menu_order":0,"comment_status":"closed","ping_status":"closed","template":"","meta":{"footnotes":""},"class_list":["post-7583","page","type-page","status-publish"],"yoast_head":"<!-- This site is optimized with the Yoast SEO plugin v25.7 - https:\/\/yoast.com\/wordpress\/plugins\/seo\/ -->\n<title>\u00c0 propos de Busters - Busters, une protection efficace, \u00e0 tout moment !<\/title>\n<meta name=\"description\" content=\"O\u00f9 que nous soyons, lorsque nous bricolons ou faisons des travaux pendant notre temps libre, nous sommes r\u00e9guli\u00e8rement confront\u00e9s \u00e0 plusieurs risques. Souvent, nous n\u2019en prenons pas conscience\u2026 jusqu\u2019\u00e0 ce qu\u2019il soit trop tard.\" \/>\n<meta name=\"robots\" content=\"index, follow, max-snippet:-1, max-image-preview:large, max-video-preview:-1\" \/>\n<link rel=\"canonical\" href=\"https:\/\/busters.be\/fr\/a-propos-de-busters\/\" \/>\n<meta property=\"og:locale\" content=\"fr_FR\" \/>\n<meta property=\"og:type\" content=\"article\" \/>\n<meta property=\"og:title\" content=\"\u00c0 propos de Busters - Busters, une protection efficace, \u00e0 tout moment !\" \/>\n<meta property=\"og:description\" content=\"O\u00f9 que nous soyons, lorsque nous bricolons ou faisons des travaux pendant notre temps libre, nous sommes r\u00e9guli\u00e8rement confront\u00e9s \u00e0 plusieurs risques. Souvent, nous n\u2019en prenons pas conscience\u2026 jusqu\u2019\u00e0 ce qu\u2019il soit trop tard.\" \/>\n<meta property=\"og:url\" content=\"https:\/\/busters.be\/fr\/a-propos-de-busters\/\" \/>\n<meta property=\"og:site_name\" content=\"Busters\" \/>\n<meta property=\"article:modified_time\" content=\"2018-07-16T14:32:35+00:00\" \/>\n<meta name=\"twitter:card\" content=\"summary_large_image\" \/>\n<meta name=\"twitter:label1\" content=\"Dur\u00e9e de lecture estim\u00e9e\" \/>\n\t<meta name=\"twitter:data1\" content=\"2 minutes\" \/>\n<script type=\"application\/ld+json\" class=\"yoast-schema-graph\">{\"@context\":\"https:\/\/schema.org\",\"@graph\":[{\"@type\":\"WebPage\",\"@id\":\"https:\/\/busters.be\/fr\/a-propos-de-busters\/\",\"url\":\"https:\/\/busters.be\/fr\/a-propos-de-busters\/\",\"name\":\"\u00c0 propos de Busters - Busters, une protection efficace, \u00e0 tout moment !\",\"isPartOf\":{\"@id\":\"https:\/\/busters.be\/#website\"},\"datePublished\":\"2018-06-12T13:25:05+00:00\",\"dateModified\":\"2018-07-16T14:32:35+00:00\",\"description\":\"O\u00f9 que nous soyons, lorsque nous bricolons ou faisons des travaux pendant notre temps libre, nous sommes r\u00e9guli\u00e8rement confront\u00e9s \u00e0 plusieurs risques. Souvent, nous n\u2019en prenons pas conscience\u2026 jusqu\u2019\u00e0 ce qu\u2019il soit trop tard.\",\"breadcrumb\":{\"@id\":\"https:\/\/busters.be\/fr\/a-propos-de-busters\/#breadcrumb\"},\"inLanguage\":\"fr-FR\",\"potentialAction\":[{\"@type\":\"ReadAction\",\"target\":[\"https:\/\/busters.be\/fr\/a-propos-de-busters\/\"]}]},{\"@type\":\"BreadcrumbList\",\"@id\":\"https:\/\/busters.be\/fr\/a-propos-de-busters\/#breadcrumb\",\"itemListElement\":[{\"@type\":\"ListItem\",\"position\":1,\"name\":\"Home\",\"item\":\"https:\/\/busters.be\/fr\/\"},{\"@type\":\"ListItem\",\"position\":2,\"name\":\"\u00c0 propos de Busters\"}]},{\"@type\":\"WebSite\",\"@id\":\"https:\/\/busters.be\/#website\",\"url\":\"https:\/\/busters.be\/\",\"name\":\"Busters\",\"description\":\"\",\"potentialAction\":[{\"@type\":\"SearchAction\",\"target\":{\"@type\":\"EntryPoint\",\"urlTemplate\":\"https:\/\/busters.be\/?s={search_term_string}\"},\"query-input\":{\"@type\":\"PropertyValueSpecification\",\"valueRequired\":true,\"valueName\":\"search_term_string\"}}],\"inLanguage\":\"fr-FR\"}]}<\/script>\n<!-- \/ Yoast SEO plugin. -->","yoast_head_json":{"title":"\u00c0 propos de Busters - Busters, une protection efficace, \u00e0 tout moment !","description":"O\u00f9 que nous soyons, lorsque nous bricolons ou faisons des travaux pendant notre temps libre, nous sommes r\u00e9guli\u00e8rement confront\u00e9s \u00e0 plusieurs risques. Souvent, nous n\u2019en prenons pas conscience\u2026 jusqu\u2019\u00e0 ce qu\u2019il soit trop tard.","robots":{"index":"index","follow":"follow","max-snippet":"max-snippet:-1","max-image-preview":"max-image-preview:large","max-video-preview":"max-video-preview:-1"},"canonical":"https:\/\/busters.be\/fr\/a-propos-de-busters\/","og_locale":"fr_FR","og_type":"article","og_title":"\u00c0 propos de Busters - Busters, une protection efficace, \u00e0 tout moment !","og_description":"O\u00f9 que nous soyons, lorsque nous bricolons ou faisons des travaux pendant notre temps libre, nous sommes r\u00e9guli\u00e8rement confront\u00e9s \u00e0 plusieurs risques. Souvent, nous n\u2019en prenons pas conscience\u2026 jusqu\u2019\u00e0 ce qu\u2019il soit trop tard.","og_url":"https:\/\/busters.be\/fr\/a-propos-de-busters\/","og_site_name":"Busters","article_modified_time":"2018-07-16T14:32:35+00:00","twitter_card":"summary_large_image","twitter_misc":{"Dur\u00e9e de lecture estim\u00e9e":"2 minutes"},"schema":{"@context":"https:\/\/schema.org","@graph":[{"@type":"WebPage","@id":"https:\/\/busters.be\/fr\/a-propos-de-busters\/","url":"https:\/\/busters.be\/fr\/a-propos-de-busters\/","name":"\u00c0 propos de Busters - Busters, une protection efficace, \u00e0 tout moment !","isPartOf":{"@id":"https:\/\/busters.be\/#website"},"datePublished":"2018-06-12T13:25:05+00:00","dateModified":"2018-07-16T14:32:35+00:00","description":"O\u00f9 que nous soyons, lorsque nous bricolons ou faisons des travaux pendant notre temps libre, nous sommes r\u00e9guli\u00e8rement confront\u00e9s \u00e0 plusieurs risques. Souvent, nous n\u2019en prenons pas conscience\u2026 jusqu\u2019\u00e0 ce qu\u2019il soit trop tard.","breadcrumb":{"@id":"https:\/\/busters.be\/fr\/a-propos-de-busters\/#breadcrumb"},"inLanguage":"fr-FR","potentialAction":[{"@type":"ReadAction","target":["https:\/\/busters.be\/fr\/a-propos-de-busters\/"]}]},{"@type":"BreadcrumbList","@id":"https:\/\/busters.be\/fr\/a-propos-de-busters\/#breadcrumb","itemListElement":[{"@type":"ListItem","position":1,"name":"Home","item":"https:\/\/busters.be\/fr\/"},{"@type":"ListItem","position":2,"name":"\u00c0 propos de Busters"}]},{"@type":"WebSite","@id":"https:\/\/busters.be\/#website","url":"https:\/\/busters.be\/","name":"Busters","description":"","potentialAction":[{"@type":"SearchAction","target":{"@type":"EntryPoint","urlTemplate":"https:\/\/busters.be\/?s={search_term_string}"},"query-input":{"@type":"PropertyValueSpecification","valueRequired":true,"valueName":"search_term_string"}}],"inLanguage":"fr-FR"}]}},"_links":{"self":[{"href":"https:\/\/busters.be\/fr\/wp-json\/wp\/v2\/pages\/7583","targetHints":{"allow":["GET"]}}],"collection":[{"href":"https:\/\/busters.be\/fr\/wp-json\/wp\/v2\/pages"}],"about":[{"href":"https:\/\/busters.be\/fr\/wp-json\/wp\/v2\/types\/page"}],"author":[{"embeddable":true,"href":"https:\/\/busters.be\/fr\/wp-json\/wp\/v2\/users\/1"}],"replies":[{"embeddable":true,"href":"https:\/\/busters.be\/fr\/wp-json\/wp\/v2\/comments?post=7583"}],"version-history":[{"count":7,"href":"https:\/\/busters.be\/fr\/wp-json\/wp\/v2\/pages\/7583\/revisions"}],"predecessor-version":[{"id":8888,"href":"https:\/\/busters.be\/fr\/wp-json\/wp\/v2\/pages\/7583\/revisions\/8888"}],"wp:attachment":[{"href":"https:\/\/busters.be\/fr\/wp-json\/wp\/v2\/media?parent=7583"}],"curies":[{"name":"wp","href":"https:\/\/api.w.org\/{rel}","templated":true}]}}